{"id":12131,"date":"2024-10-26T20:04:52","date_gmt":"2024-10-26T18:04:52","guid":{"rendered":"https:\/\/lbgalleri.se\/?page_id=12131"},"modified":"2024-10-29T23:38:19","modified_gmt":"2024-10-29T22:38:19","slug":"","status":"publish","type":"page","link":"https:\/\/lbgalleri.se\/en\/sok\/","title":{"rendered":"Search","raw":"Search"},"content":{"rendered":"<style>.kb-row-layout-wrap.wp-block-kadence-rowlayout.kb-row-layout-id12131_081539-08{margin-top:-40px;}.kb-row-layout-id12131_081539-08 > .kt-row-column-wrap{align-content:start;}:where(.kb-row-layout-id12131_081539-08 > .kt-row-column-wrap) > .wp-block-kadence-column{justify-content:start;}.kb-row-layout-id12131_081539-08 > .kt-row-column-wrap{column-gap:64px;row-gap:var(--global-kb-gap-md, 2rem);max-width:var( --global-content-width, 1400px );padding-left:var(--global-content-edge-padding);padding-right:var(--global-content-edge-padding);padding-top:0px;padding-right:0px;padding-bottom:0px;padding-left:0px;grid-template-columns:repeat(2, minmax(0, 1fr));}.kb-row-layout-id12131_081539-08 > .kt-row-layout-overlay{opacity:0.30;}@media all and (max-width: 1024px){.kb-row-layout-id12131_081539-08 > .kt-row-column-wrap{grid-template-columns:repeat(2, minmax(0, 1fr));}}@media all and (max-width: 767px){.kb-row-layout-wrap.wp-block-kadence-rowlayout.kb-row-layout-id12131_081539-08{margin-top:0px;}.kb-row-layout-id12131_081539-08 > .kt-row-column-wrap{grid-template-columns:minmax(0, 1fr);}}<\/style><div class=\"kb-row-layout-wrap kb-row-layout-id12131_081539-08 alignnone has-kb-palette-6-background-color kt-row-has-bg wp-block-kadence-rowlayout\"><div class=\"kt-row-column-wrap kt-has-2-columns kt-row-layout-equal kt-tab-layout-inherit kt-mobile-layout-row kt-row-valign-top kb-theme-content-width\">\n<style>.kadence-column12131_839cfa-89 > .kt-inside-inner-col,.kadence-column12131_839cfa-89 > .kt-inside-inner-col:before{border-top-left-radius:0px;border-top-right-radius:0px;border-bottom-right-radius:0px;border-bottom-left-radius:0px;}.kadence-column12131_839cfa-89 > .kt-inside-inner-col{column-gap:var(--global-kb-gap-sm, 1rem);}.kadence-column12131_839cfa-89 > .kt-inside-inner-col{flex-direction:column;}.kadence-column12131_839cfa-89 > .kt-inside-inner-col > .aligncenter{width:100%;}.kadence-column12131_839cfa-89 > .kt-inside-inner-col:before{opacity:0.3;}.kadence-column12131_839cfa-89{position:relative;}@media all and (max-width: 1024px){.kadence-column12131_839cfa-89 > .kt-inside-inner-col{flex-direction:column;justify-content:center;}}@media all and (max-width: 767px){.kadence-column12131_839cfa-89 > .kt-inside-inner-col{flex-direction:column;justify-content:center;}.kadence-column12131_839cfa-89, .kt-inside-inner-col > .kadence-column12131_839cfa-89:not(.specificity){margin-right:30px;margin-left:30px;}}<\/style>\n<div class=\"wp-block-kadence-column kadence-column12131_839cfa-89 inner-column-1\"><div class=\"kt-inside-inner-col\"><style>.wp-block-kadence-advancedheading.kt-adv-heading12131_0269b8-19, .wp-block-kadence-advancedheading.kt-adv-heading12131_0269b8-19[data-kb-block=\"kb-adv-heading12131_0269b8-19\"]{font-size:24px;line-height:1.5em;font-style:normal;font-family:-apple-system,BlinkMacSystemFont,\"Segoe UI\",Roboto,Oxygen-Sans,Ubuntu,Cantarell,\"Helvetica Neue\",sans-serif, \"Apple Color Emoji\", \"Segoe UI Emoji\", \"Segoe UI Symbol\";}.wp-block-kadence-advancedheading.kt-adv-heading12131_0269b8-19 mark.kt-highlight, .wp-block-kadence-advancedheading.kt-adv-heading12131_0269b8-19[data-kb-block=\"kb-adv-heading12131_0269b8-19\"] mark.kt-highlight{font-style:normal;color:#f76a0c;-webkit-box-decoration-break:clone;box-decoration-break:clone;padding-top:0px;padding-right:0px;padding-bottom:0px;padding-left:0px;}.wp-block-kadence-advancedheading.kt-adv-heading12131_0269b8-19 img.kb-inline-image, .wp-block-kadence-advancedheading.kt-adv-heading12131_0269b8-19[data-kb-block=\"kb-adv-heading12131_0269b8-19\"] img.kb-inline-image{width:150px;vertical-align:baseline;}@media all and (max-width: 767px){.wp-block-kadence-advancedheading.kt-adv-heading12131_0269b8-19, .wp-block-kadence-advancedheading.kt-adv-heading12131_0269b8-19[data-kb-block=\"kb-adv-heading12131_0269b8-19\"]{margin-right:-30px;margin-left:-30px;font-size:16px;line-height:1.5em;}}<\/style>\n<p class=\"kt-adv-heading12131_0269b8-19 wp-block-kadence-advancedheading has-kb-palette-1-color has-text-color\" data-kb-block=\"kb-adv-heading12131_0269b8-19\">Search in the content on the website. The result is displayed on the following page. <\/p>\n<\/div><\/div>\n\n\n<style>.kadence-column12131_d63451-5c > .kt-inside-inner-col{display:flex;}.kadence-column12131_d63451-5c > .kt-inside-inner-col,.kadence-column12131_d63451-5c > .kt-inside-inner-col:before{border-top-left-radius:0px;border-top-right-radius:0px;border-bottom-right-radius:0px;border-bottom-left-radius:0px;}.kadence-column12131_d63451-5c > .kt-inside-inner-col{column-gap:var(--global-kb-gap-sm, 1rem);}.kadence-column12131_d63451-5c > .kt-inside-inner-col{flex-direction:column;justify-content:center;}.kadence-column12131_d63451-5c > .kt-inside-inner-col > .aligncenter{width:100%;}.kt-row-column-wrap > .kadence-column12131_d63451-5c{align-self:center;}.kt-inner-column-height-full:not(.kt-has-1-columns) > .wp-block-kadence-column.kadence-column12131_d63451-5c{align-self:auto;}.kt-inner-column-height-full:not(.kt-has-1-columns) > .wp-block-kadence-column.kadence-column12131_d63451-5c > .kt-inside-inner-col{flex-direction:column;justify-content:center;}.kadence-column12131_d63451-5c > .kt-inside-inner-col:before{opacity:0.3;}.kadence-column12131_d63451-5c{position:relative;}@media all and (max-width: 1024px){.kt-row-column-wrap > .kadence-column12131_d63451-5c{align-self:center;}}@media all and (max-width: 1024px){.kt-inner-column-height-full:not(.kt-has-1-columns) > .wp-block-kadence-column.kadence-column12131_d63451-5c{align-self:auto;}}@media all and (max-width: 1024px){.kt-inner-column-height-full:not(.kt-has-1-columns) > .wp-block-kadence-column.kadence-column12131_d63451-5c > .kt-inside-inner-col{flex-direction:column;justify-content:center;}}@media all and (max-width: 1024px){.kadence-column12131_d63451-5c > .kt-inside-inner-col{flex-direction:column;justify-content:center;}}@media all and (max-width: 767px){.kt-row-column-wrap > .kadence-column12131_d63451-5c{align-self:center;}.kt-inner-column-height-full:not(.kt-has-1-columns) > .wp-block-kadence-column.kadence-column12131_d63451-5c{align-self:auto;}.kt-inner-column-height-full:not(.kt-has-1-columns) > .wp-block-kadence-column.kadence-column12131_d63451-5c > .kt-inside-inner-col{flex-direction:column;justify-content:center;}.kadence-column12131_d63451-5c > .kt-inside-inner-col{flex-direction:column;justify-content:center;}}<\/style>\n<div class=\"wp-block-kadence-column kadence-column12131_d63451-5c\"><div class=\"kt-inside-inner-col\"><style>.kb-search12131_a87730-7a .kb-search-input[type=\"text\"]{font-family:-apple-system,BlinkMacSystemFont,\"Segoe UI\",Roboto,Oxygen-Sans,Ubuntu,Cantarell,\"Helvetica Neue\",sans-serif, \"Apple Color Emoji\", \"Segoe UI Emoji\", \"Segoe UI Symbol\";border-top:1px solid #dee2e6;border-right:1px solid #dee2e6;border-bottom:1px solid #dee2e6;border-left:1px solid #dee2e6;}.kb-search12131_a87730-7a .kb-search-icon svg{stroke:none;}.kb-search12131_a87730-7a:hover .kb-search-icon svg{stroke:none;}.kb-search12131_a87730-7a .kb-search-close-btn svg{fill:none;}.kb-search12131_a87730-7a .kb-search-close-btn{font-size:50px;}.kb-search12131_a87730-7a .kb-search-close-btn:hover svg{fill:none;}@media all and (max-width: 1024px){.kb-search12131_a87730-7a .kb-search-input[type=\"text\"]{border-top:1px solid #dee2e6;border-right:1px solid #dee2e6;border-bottom:1px solid #dee2e6;border-left:1px solid #dee2e6;}}@media all and (max-width: 767px){.kb-search12131_a87730-7a .kb-search-input[type=\"text\"]{border-top:1px solid #dee2e6;border-right:1px solid #dee2e6;border-bottom:1px solid #dee2e6;border-left:1px solid #dee2e6;}}<\/style><div class=\"kb-search kb-search12131_a87730-7a wp-block-kadence-search\"><form class=\"kb-search-form\" role=\"search\" method=\"get\" action=\"https:\/\/lbgalleri.se\/en\/\"><div class=\"kb-search-input-wrapper\"><input name=\"s\" type=\"text\" class=\"kb-search-input\" placeholder=\"\" aria-label=\"Search\"><\/div>\n<style>.wp-block-kadence-advancedbtn.kb-btns12131_66a533-ca{gap:var(--global-kb-gap-xs, 0.5rem );justify-content:center;align-items:center;}.kt-btns12131_66a533-ca .kt-button{font-weight:normal;font-style:normal;}.kt-btns12131_66a533-ca .kt-btn-wrap-0{margin-right:5px;}.wp-block-kadence-advancedbtn.kt-btns12131_66a533-ca .kt-btn-wrap-0 .kt-button{color:#555555;border-color:#555555;}.wp-block-kadence-advancedbtn.kt-btns12131_66a533-ca .kt-btn-wrap-0 .kt-button:hover, .wp-block-kadence-advancedbtn.kt-btns12131_66a533-ca .kt-btn-wrap-0 .kt-button:focus{color:#ffffff;border-color:#444444;}.wp-block-kadence-advancedbtn.kt-btns12131_66a533-ca .kt-btn-wrap-0 .kt-button::before{display:none;}.wp-block-kadence-advancedbtn.kt-btns12131_66a533-ca .kt-btn-wrap-0 .kt-button:hover, .wp-block-kadence-advancedbtn.kt-btns12131_66a533-ca .kt-btn-wrap-0 .kt-button:focus{background:#444444;}<\/style>\n<div class=\"wp-block-kadence-advancedbtn kb-buttons-wrap kb-btns12131_66a533-ca\"><style>ul.menu .wp-block-kadence-advancedbtn .kb-btn12131_46f91d-c7.kb-button{width:initial;}.wp-block-kadence-advancedbtn .kb-btn12131_46f91d-c7.kb-button{font-family:-apple-system,BlinkMacSystemFont,\"Segoe UI\",Roboto,Oxygen-Sans,Ubuntu,Cantarell,\"Helvetica Neue\",sans-serif, \"Apple Color Emoji\", \"Segoe UI Emoji\", \"Segoe UI Symbol\";margin-left:10px;}<\/style><button class=\"kb-button kt-button button kb-btn12131_46f91d-c7 kt-btn-size-standard kt-btn-width-type-auto kb-btn-global-fill  kt-btn-has-text-true kt-btn-has-svg-false  wp-block-kadence-singlebtn\" type=\"submit\"><span class=\"kt-btn-inner-text\">Search<\/span><\/button><\/div>\n\n<\/form><\/div><\/div><\/div>\n\n<\/div><\/div>","protected":false,"raw":"<!-- wp:kadence\/rowlayout {\"uniqueID\":\"12131_081539-08\",\"customRowGutter\":[30,\"\",\"\"],\"columnGutter\":\"custom\",\"customGutter\":[64,\"\",\"\"],\"colLayout\":\"equal\",\"bgColor\":\"#757575\",\"inheritMaxWidth\":true,\"bgColorClass\":\"kb-palette-6\",\"padding\":[\"0\",\"0\",0,\"0\"],\"margin\":[-40,\"\",\"\",\"\"],\"mobileMargin\":[0,\"\",\"\",\"\"],\"kbVersion\":2} -->\n<!-- wp:kadence\/column {\"borderWidth\":[\"\",\"\",\"\",\"\"],\"uniqueID\":\"12131_839cfa-89\",\"mobileMargin\":[\"\",30,\"\",30],\"kbVersion\":2,\"className\":\"inner-column-1\"} -->\n<div class=\"wp-block-kadence-column kadence-column12131_839cfa-89 inner-column-1\"><div class=\"kt-inside-inner-col\"><!-- wp:kadence\/advancedheading {\"uniqueID\":\"12131_0269b8-19\",\"color\":\"#ffffff\",\"lineType\":\"em\",\"typography\":\"-apple-system,BlinkMacSystemFont,\\u0022Segoe UI\\u0022,Roboto,Oxygen-Sans,Ubuntu,Cantarell,\\u0022Helvetica Neue\\u0022,sans-serif, \\u0022Apple Color Emoji\\u0022, \\u0022Segoe UI Emoji\\u0022, \\u0022Segoe UI Symbol\\u0022\",\"fontWeight\":\"inherit\",\"mobileMargin\":[\"\",-30,\"\",-30],\"markBorder\":\"\",\"markBorderStyles\":[{\"top\":[null,\"\",\"\"],\"right\":[null,\"\",\"\"],\"bottom\":[null,\"\",\"\"],\"left\":[null,\"\",\"\"],\"unit\":\"px\"}],\"tabletMarkBorderStyles\":[{\"top\":[null,\"\",\"\"],\"right\":[null,\"\",\"\"],\"bottom\":[null,\"\",\"\"],\"left\":[null,\"\",\"\"],\"unit\":\"px\"}],\"mobileMarkBorderStyles\":[{\"top\":[null,\"\",\"\"],\"right\":[null,\"\",\"\"],\"bottom\":[null,\"\",\"\"],\"left\":[null,\"\",\"\"],\"unit\":\"px\"}],\"colorClass\":\"kb-palette-1\",\"htmlTag\":\"p\",\"fontSize\":[24,null,16],\"fontHeight\":[1.5,null,1.5],\"fontHeightType\":\"em\"} -->\n<p class=\"kt-adv-heading12131_0269b8-19 wp-block-kadence-advancedheading has-kb-palette-1-color has-text-color\" data-kb-block=\"kb-adv-heading12131_0269b8-19\">Search in the content on the website. The result is displayed on the following page. <\/p>\n<!-- \/wp:kadence\/advancedheading --><\/div><\/div>\n<!-- \/wp:kadence\/column -->\n\n<!-- wp:kadence\/column {\"id\":2,\"borderWidth\":[\"\",\"\",\"\",\"\"],\"uniqueID\":\"12131_d63451-5c\",\"verticalAlignment\":\"middle\",\"margin\":[null,\"\",\"\",\"\"],\"kbVersion\":2} -->\n<div class=\"wp-block-kadence-column kadence-column12131_d63451-5c\"><div class=\"kt-inside-inner-col\"><!-- wp:kadence\/search {\"uniqueID\":\"12131_a87730-7a\",\"showButton\":true,\"inputTypography\":[{\"size\":[\"\",\"\",\"\"],\"sizeType\":\"px\",\"lineHeight\":[\"\",\"\",\"\"],\"lineType\":\"\",\"letterSpacing\":[\"\",\"\",\"\"],\"letterType\":\"px\",\"textTransform\":\"\",\"family\":\"-apple-system,BlinkMacSystemFont,\\u0022Segoe UI\\u0022,Roboto,Oxygen-Sans,Ubuntu,Cantarell,\\u0022Helvetica Neue\\u0022,sans-serif, \\u0022Apple Color Emoji\\u0022, \\u0022Segoe UI Emoji\\u0022, \\u0022Segoe UI Symbol\\u0022\",\"google\":false,\"style\":\"normal\",\"weight\":\"inherit\",\"variant\":\"\",\"subset\":\"\",\"loadGoogle\":true}],\"inputIcon\":\"\"} -->\n<!-- wp:kadence\/advancedbtn {\"uniqueID\":\"12131_66a533-ca\",\"lock\":{\"remove\":true,\"move\":true}} -->\n<div class=\"wp-block-kadence-advancedbtn kb-buttons-wrap kb-btns12131_66a533-ca\"><!-- wp:kadence\/singlebtn {\"uniqueID\":\"12131_46f91d-c7\",\"text\":\"Search\",\"margin\":[\"\",\"\",\"\",10],\"typography\":[{\"size\":[\"\",\"\",\"\"],\"sizeType\":\"px\",\"lineHeight\":[\"\",\"\",\"\"],\"lineType\":\"\",\"letterSpacing\":[\"\",\"\",\"\"],\"letterType\":\"px\",\"textTransform\":\"\",\"family\":\"-apple-system,BlinkMacSystemFont,\\u0022Segoe UI\\u0022,Roboto,Oxygen-Sans,Ubuntu,Cantarell,\\u0022Helvetica Neue\\u0022,sans-serif, \\u0022Apple Color Emoji\\u0022, \\u0022Segoe UI Emoji\\u0022, \\u0022Segoe UI Symbol\\u0022\",\"google\":false,\"style\":\"normal\",\"weight\":\"inherit\",\"variant\":\"\",\"subset\":\"\",\"loadGoogle\":true}],\"hideLink\":true,\"noCustomDefaults\":true,\"isSubmit\":true,\"lock\":{\"remove\":true,\"move\":true}} \/--><\/div>\n<!-- \/wp:kadence\/advancedbtn -->\n<!-- \/wp:kadence\/search --><\/div><\/div>\n<!-- \/wp:kadence\/column -->\n<!-- \/wp:kadence\/rowlayout -->"},"excerpt":{"rendered":"","protected":false,"raw":""},"author":1,"featured_media":0,"parent":0,"menu_order":0,"comment_status":"closed","ping_status":"closed","template":"","meta":{"_monsterinsights_skip_tracking":false,"_monsterinsights_sitenote_active":false,"_monsterinsights_sitenote_note":"","_monsterinsights_sitenote_category":0,"_sv_post_content":"<!-- wp:kadence\/rowlayout {\"uniqueID\":\"12131_a6ec0c-5c\",\"customRowGutter\":[30,\"\",\"\"],\"columnGutter\":\"custom\",\"customGutter\":[64,\"\",\"\"],\"colLayout\":\"equal\",\"bgColor\":\"#757575\",\"inheritMaxWidth\":true,\"bgColorClass\":\"kb-palette-6\",\"padding\":[null,\"0\",0,\"0\"],\"margin\":[-40,\"\",\"\",\"\"],\"mobileMargin\":[0,\"\",\"\",\"\"],\"kbVersion\":2} -->\n<!-- wp:kadence\/column {\"borderWidth\":[\"\",\"\",\"\",\"\"],\"uniqueID\":\"12131_4a1615-bf\",\"mobileMargin\":[\"\",30,\"\",30],\"kbVersion\":2,\"className\":\"inner-column-1\"} -->\n<div class=\"wp-block-kadence-column kadence-column12131_4a1615-bf inner-column-1\"><div class=\"kt-inside-inner-col\"><!-- wp:kadence\/advancedheading {\"uniqueID\":\"12131_0f8aa8-bd\",\"color\":\"#ffffff\",\"lineType\":\"em\",\"typography\":\"-apple-system,BlinkMacSystemFont,\\u0022Segoe UI\\u0022,Roboto,Oxygen-Sans,Ubuntu,Cantarell,\\u0022Helvetica Neue\\u0022,sans-serif, \\u0022Apple Color Emoji\\u0022, \\u0022Segoe UI Emoji\\u0022, \\u0022Segoe UI Symbol\\u0022\",\"fontWeight\":\"inherit\",\"mobileMargin\":[\"\",-30,\"\",-30],\"markBorder\":\"\",\"markBorderStyles\":[{\"top\":[null,\"\",\"\"],\"right\":[null,\"\",\"\"],\"bottom\":[null,\"\",\"\"],\"left\":[null,\"\",\"\"],\"unit\":\"px\"}],\"tabletMarkBorderStyles\":[{\"top\":[null,\"\",\"\"],\"right\":[null,\"\",\"\"],\"bottom\":[null,\"\",\"\"],\"left\":[null,\"\",\"\"],\"unit\":\"px\"}],\"mobileMarkBorderStyles\":[{\"top\":[null,\"\",\"\"],\"right\":[null,\"\",\"\"],\"bottom\":[null,\"\",\"\"],\"left\":[null,\"\",\"\"],\"unit\":\"px\"}],\"colorClass\":\"kb-palette-1\",\"htmlTag\":\"p\",\"fontSize\":[24,null,16],\"fontHeight\":[1.5,null,1.5],\"fontHeightType\":\"em\"} -->\n<p class=\"kt-adv-heading12131_0f8aa8-bd wp-block-kadence-advancedheading has-kb-palette-1-color has-text-color\" data-kb-block=\"kb-adv-heading12131_0f8aa8-bd\">S\u00f6kning bland inneh\u00e5llet p\u00e5 hemsidan. Resultatet visas p\u00e5 f\u00f6ljande sida. <\/p>\n<!-- \/wp:kadence\/advancedheading --><\/div><\/div>\n<!-- \/wp:kadence\/column -->\n\n<!-- wp:kadence\/column {\"id\":2,\"borderWidth\":[\"\",\"\",\"\",\"\"],\"uniqueID\":\"12131_137077-95\",\"verticalAlignment\":\"middle\",\"margin\":[null,\"\",\"\",\"\"],\"kbVersion\":2} -->\n<div class=\"wp-block-kadence-column kadence-column12131_137077-95\"><div class=\"kt-inside-inner-col\"><!-- wp:kadence\/search {\"uniqueID\":\"12131_9226ab-8c\",\"showButton\":true,\"inputTypography\":[{\"size\":[\"\",\"\",\"\"],\"sizeType\":\"px\",\"lineHeight\":[\"\",\"\",\"\"],\"lineType\":\"\",\"letterSpacing\":[\"\",\"\",\"\"],\"letterType\":\"px\",\"textTransform\":\"\",\"family\":\"-apple-system,BlinkMacSystemFont,\\u0022Segoe UI\\u0022,Roboto,Oxygen-Sans,Ubuntu,Cantarell,\\u0022Helvetica Neue\\u0022,sans-serif, \\u0022Apple Color Emoji\\u0022, \\u0022Segoe UI Emoji\\u0022, \\u0022Segoe UI Symbol\\u0022\",\"google\":false,\"style\":\"normal\",\"weight\":\"inherit\",\"variant\":\"\",\"subset\":\"\",\"loadGoogle\":true}],\"inputIcon\":\"\"} -->\n<!-- wp:kadence\/advancedbtn {\"uniqueID\":\"12131_34ab95-ad\",\"lock\":{\"remove\":true,\"move\":true}} -->\n<div class=\"wp-block-kadence-advancedbtn kb-buttons-wrap kb-btns12131_34ab95-ad\"><!-- wp:kadence\/singlebtn {\"uniqueID\":\"12131_12a5a4-14\",\"text\":\"S\u00f6k\",\"margin\":[\"\",\"\",\"\",10],\"typography\":[{\"size\":[\"\",\"\",\"\"],\"sizeType\":\"px\",\"lineHeight\":[\"\",\"\",\"\"],\"lineType\":\"\",\"letterSpacing\":[\"\",\"\",\"\"],\"letterType\":\"px\",\"textTransform\":\"\",\"family\":\"-apple-system,BlinkMacSystemFont,\\u0022Segoe UI\\u0022,Roboto,Oxygen-Sans,Ubuntu,Cantarell,\\u0022Helvetica Neue\\u0022,sans-serif, \\u0022Apple Color Emoji\\u0022, \\u0022Segoe UI Emoji\\u0022, \\u0022Segoe UI Symbol\\u0022\",\"google\":false,\"style\":\"normal\",\"weight\":\"inherit\",\"variant\":\"\",\"subset\":\"\",\"loadGoogle\":true}],\"hideLink\":true,\"noCustomDefaults\":true,\"isSubmit\":true,\"lock\":{\"remove\":true,\"move\":true}} \/--><\/div>\n<!-- \/wp:kadence\/advancedbtn -->\n<!-- \/wp:kadence\/search --><\/div><\/div>\n<!-- \/wp:kadence\/column -->\n<!-- \/wp:kadence\/rowlayout -->","_sv_post_name":"sok","_sv_post_excerpt":"","_sv_post_title":"S\u00f6k","_en_post_content":"<!-- wp:kadence\/rowlayout {\"uniqueID\":\"12131_081539-08\",\"customRowGutter\":[30,\"\",\"\"],\"columnGutter\":\"custom\",\"customGutter\":[64,\"\",\"\"],\"colLayout\":\"equal\",\"bgColor\":\"#757575\",\"inheritMaxWidth\":true,\"bgColorClass\":\"kb-palette-6\",\"padding\":[\"0\",\"0\",0,\"0\"],\"margin\":[-40,\"\",\"\",\"\"],\"mobileMargin\":[0,\"\",\"\",\"\"],\"kbVersion\":2} -->\n<!-- wp:kadence\/column {\"borderWidth\":[\"\",\"\",\"\",\"\"],\"uniqueID\":\"12131_839cfa-89\",\"mobileMargin\":[\"\",30,\"\",30],\"kbVersion\":2,\"className\":\"inner-column-1\"} -->\n<div class=\"wp-block-kadence-column kadence-column12131_839cfa-89 inner-column-1\"><div class=\"kt-inside-inner-col\"><!-- wp:kadence\/advancedheading {\"uniqueID\":\"12131_0269b8-19\",\"color\":\"#ffffff\",\"lineType\":\"em\",\"typography\":\"-apple-system,BlinkMacSystemFont,\\u0022Segoe UI\\u0022,Roboto,Oxygen-Sans,Ubuntu,Cantarell,\\u0022Helvetica Neue\\u0022,sans-serif, \\u0022Apple Color Emoji\\u0022, \\u0022Segoe UI Emoji\\u0022, \\u0022Segoe UI Symbol\\u0022\",\"fontWeight\":\"inherit\",\"mobileMargin\":[\"\",-30,\"\",-30],\"markBorder\":\"\",\"markBorderStyles\":[{\"top\":[null,\"\",\"\"],\"right\":[null,\"\",\"\"],\"bottom\":[null,\"\",\"\"],\"left\":[null,\"\",\"\"],\"unit\":\"px\"}],\"tabletMarkBorderStyles\":[{\"top\":[null,\"\",\"\"],\"right\":[null,\"\",\"\"],\"bottom\":[null,\"\",\"\"],\"left\":[null,\"\",\"\"],\"unit\":\"px\"}],\"mobileMarkBorderStyles\":[{\"top\":[null,\"\",\"\"],\"right\":[null,\"\",\"\"],\"bottom\":[null,\"\",\"\"],\"left\":[null,\"\",\"\"],\"unit\":\"px\"}],\"colorClass\":\"kb-palette-1\",\"htmlTag\":\"p\",\"fontSize\":[24,null,16],\"fontHeight\":[1.5,null,1.5],\"fontHeightType\":\"em\"} -->\n<p class=\"kt-adv-heading12131_0269b8-19 wp-block-kadence-advancedheading has-kb-palette-1-color has-text-color\" data-kb-block=\"kb-adv-heading12131_0269b8-19\">Search in the content on the website. The result is displayed on the following page. <\/p>\n<!-- \/wp:kadence\/advancedheading --><\/div><\/div>\n<!-- \/wp:kadence\/column -->\n\n<!-- wp:kadence\/column {\"id\":2,\"borderWidth\":[\"\",\"\",\"\",\"\"],\"uniqueID\":\"12131_d63451-5c\",\"verticalAlignment\":\"middle\",\"margin\":[null,\"\",\"\",\"\"],\"kbVersion\":2} -->\n<div class=\"wp-block-kadence-column kadence-column12131_d63451-5c\"><div class=\"kt-inside-inner-col\"><!-- wp:kadence\/search {\"uniqueID\":\"12131_a87730-7a\",\"showButton\":true,\"inputTypography\":[{\"size\":[\"\",\"\",\"\"],\"sizeType\":\"px\",\"lineHeight\":[\"\",\"\",\"\"],\"lineType\":\"\",\"letterSpacing\":[\"\",\"\",\"\"],\"letterType\":\"px\",\"textTransform\":\"\",\"family\":\"-apple-system,BlinkMacSystemFont,\\u0022Segoe UI\\u0022,Roboto,Oxygen-Sans,Ubuntu,Cantarell,\\u0022Helvetica Neue\\u0022,sans-serif, \\u0022Apple Color Emoji\\u0022, \\u0022Segoe UI Emoji\\u0022, \\u0022Segoe UI Symbol\\u0022\",\"google\":false,\"style\":\"normal\",\"weight\":\"inherit\",\"variant\":\"\",\"subset\":\"\",\"loadGoogle\":true}],\"inputIcon\":\"\"} -->\n<!-- wp:kadence\/advancedbtn {\"uniqueID\":\"12131_66a533-ca\",\"lock\":{\"remove\":true,\"move\":true}} -->\n<div class=\"wp-block-kadence-advancedbtn kb-buttons-wrap kb-btns12131_66a533-ca\"><!-- wp:kadence\/singlebtn {\"uniqueID\":\"12131_46f91d-c7\",\"text\":\"Search\",\"margin\":[\"\",\"\",\"\",10],\"typography\":[{\"size\":[\"\",\"\",\"\"],\"sizeType\":\"px\",\"lineHeight\":[\"\",\"\",\"\"],\"lineType\":\"\",\"letterSpacing\":[\"\",\"\",\"\"],\"letterType\":\"px\",\"textTransform\":\"\",\"family\":\"-apple-system,BlinkMacSystemFont,\\u0022Segoe UI\\u0022,Roboto,Oxygen-Sans,Ubuntu,Cantarell,\\u0022Helvetica Neue\\u0022,sans-serif, \\u0022Apple Color Emoji\\u0022, \\u0022Segoe UI Emoji\\u0022, \\u0022Segoe UI Symbol\\u0022\",\"google\":false,\"style\":\"normal\",\"weight\":\"inherit\",\"variant\":\"\",\"subset\":\"\",\"loadGoogle\":true}],\"hideLink\":true,\"noCustomDefaults\":true,\"isSubmit\":true,\"lock\":{\"remove\":true,\"move\":true}} \/--><\/div>\n<!-- \/wp:kadence\/advancedbtn -->\n<!-- \/wp:kadence\/search --><\/div><\/div>\n<!-- \/wp:kadence\/column -->\n<!-- \/wp:kadence\/rowlayout -->","_en_post_name":"","_en_post_excerpt":"","_en_post_title":"Search","edit_language":"en","_kad_post_transparent":"","_kad_post_title":"","_kad_post_layout":"","_kad_post_sidebar_id":"","_kad_post_content_style":"","_kad_post_vertical_padding":"","_kad_post_feature":"","_kad_post_feature_position":"","_kad_post_header":false,"_kad_post_footer":false,"_kad_post_classname":"","footnotes":""},"categories":[],"tags":[],"class_list":["post-12131","page","type-page","status-publish","hentry"],"aioseo_notices":[],"_links":{"self":[{"href":"https:\/\/lbgalleri.se\/en\/wp-json\/wp\/v2\/pages\/12131","targetHints":{"allow":["GET"]}}],"collection":[{"href":"https:\/\/lbgalleri.se\/en\/wp-json\/wp\/v2\/pages"}],"about":[{"href":"https:\/\/lbgalleri.se\/en\/wp-json\/wp\/v2\/types\/page"}],"author":[{"embeddable":true,"href":"https:\/\/lbgalleri.se\/en\/wp-json\/wp\/v2\/users\/1"}],"replies":[{"embeddable":true,"href":"https:\/\/lbgalleri.se\/en\/wp-json\/wp\/v2\/comments?post=12131"}],"version-history":[{"count":0,"href":"https:\/\/lbgalleri.se\/en\/wp-json\/wp\/v2\/pages\/12131\/revisions"}],"wp:attachment":[{"href":"https:\/\/lbgalleri.se\/en\/wp-json\/wp\/v2\/media?parent=12131"}],"wp:term":[{"taxonomy":"category","embeddable":true,"href":"https:\/\/lbgalleri.se\/en\/wp-json\/wp\/v2\/categories?post=12131"},{"taxonomy":"post_tag","embeddable":true,"href":"https:\/\/lbgalleri.se\/en\/wp-json\/wp\/v2\/tags?post=12131"}],"curies":[{"name":"wp","href":"https:\/\/api.w.org\/{rel}","templated":true}]}}