{"id":12402,"date":"2024-11-05T16:50:11","date_gmt":"2024-11-05T15:50:11","guid":{"rendered":"https:\/\/lbgalleri.se\/?page_id=12402"},"modified":"2024-11-15T17:59:11","modified_gmt":"2024-11-15T16:59:11","slug":"prenumerera-pa-vart-nyhetsbrev","status":"publish","type":"page","link":"https:\/\/lbgalleri.se\/en\/prenumerera-pa-vart-nyhetsbrev\/","title":{"rendered":"Sign up for our Newsletter","raw":"Sign up for our Newsletter"},"content":{"rendered":"<style>.kb-row-layout-wrap.wp-block-kadence-rowlayout.kb-row-layout-id12402_5a2bfc-5b{margin-top:-40px;}.kb-row-layout-id12402_5a2bfc-5b > .kt-row-column-wrap{align-content:start;}:where(.kb-row-layout-id12402_5a2bfc-5b > .kt-row-column-wrap) > .wp-block-kadence-column{justify-content:start;}.kb-row-layout-id12402_5a2bfc-5b > .kt-row-column-wrap{column-gap:var(--global-kb-gap-lg, 4rem);row-gap:var(--global-kb-gap-md, 2rem);max-width:750px;margin-left:auto;margin-right:auto;padding-top:var(--global-kb-spacing-sm, 1.5rem);padding-bottom:var(--global-kb-spacing-sm, 1.5rem);grid-template-columns:minmax(0, 1fr);}.kb-row-layout-id12402_5a2bfc-5b > .kt-row-layout-overlay{opacity:0.30;}@media all and (max-width: 1024px){.kb-row-layout-id12402_5a2bfc-5b > .kt-row-column-wrap{grid-template-columns:minmax(0, 1fr);}}@media all and (max-width: 767px){.kb-row-layout-id12402_5a2bfc-5b > .kt-row-column-wrap{grid-template-columns:minmax(0, 1fr);}}<\/style><div class=\"kb-row-layout-wrap kb-row-layout-id12402_5a2bfc-5b alignnone wp-block-kadence-rowlayout\"><div class=\"kt-row-column-wrap kt-has-1-columns kt-row-layout-equal kt-tab-layout-inherit kt-mobile-layout-row kt-row-valign-top\">\n<style>.kadence-column12402_99879e-dd > .kt-inside-inner-col,.kadence-column12402_99879e-dd > .kt-inside-inner-col:before{border-top-left-radius:0px;border-top-right-radius:0px;border-bottom-right-radius:0px;border-bottom-left-radius:0px;}.kadence-column12402_99879e-dd > .kt-inside-inner-col{column-gap:var(--global-kb-gap-sm, 1rem);}.kadence-column12402_99879e-dd > .kt-inside-inner-col{flex-direction:column;}.kadence-column12402_99879e-dd > .kt-inside-inner-col > .aligncenter{width:100%;}.kadence-column12402_99879e-dd > .kt-inside-inner-col:before{opacity:0.3;}.kadence-column12402_99879e-dd{position:relative;}@media all and (max-width: 1024px){.kadence-column12402_99879e-dd > .kt-inside-inner-col{flex-direction:column;justify-content:center;}}@media all and (max-width: 767px){.kadence-column12402_99879e-dd > .kt-inside-inner-col{flex-direction:column;justify-content:center;}}<\/style>\n<div class=\"wp-block-kadence-column kadence-column12402_99879e-dd\"><div class=\"kt-inside-inner-col\"><style>.wp-block-kadence-advanced-form12420-cpt-id .kb-advanced-form input[type=text],.wp-block-kadence-advanced-form12420-cpt-id .kb-advanced-form input[type=tel],.wp-block-kadence-advanced-form12420-cpt-id .kb-advanced-form input[type=number],.wp-block-kadence-advanced-form12420-cpt-id .kb-advanced-form input[type=date],.wp-block-kadence-advanced-form12420-cpt-id .kb-advanced-form input[type=time],.wp-block-kadence-advanced-form12420-cpt-id .kb-advanced-form input[type=email],.wp-block-kadence-advanced-form12420-cpt-id .kb-advanced-form input[type=file],.wp-block-kadence-advanced-form12420-cpt-id .kb-advanced-form select,.wp-block-kadence-advanced-form12420-cpt-id .kb-advanced-form textarea{color:var(--global-palette3, #1A202C);}.wp-block-kadence-advanced-form12420-cpt-id{--kb-form-text-color:var(--global-palette3, #1A202C);}.wp-block-kadence-advanced-form12420-cpt-id .kb-adv-form-field .kb-adv-form-label{font-family:-apple-system,BlinkMacSystemFont,\"Segoe UI\",Roboto,Oxygen-Sans,Ubuntu,Cantarell,\"Helvetica Neue\",sans-serif, \"Apple Color Emoji\", \"Segoe UI Emoji\", \"Segoe UI Symbol\";}.wp-block-kadence-advanced-form12420-cpt-id .kb-adv-form-label .kb-adv-form-required{color:#ff0202;}.wp-block-kadence-advanced-form12420-cpt-id .kb-adv-form-message{font-family:-apple-system,BlinkMacSystemFont,\"Segoe UI\",Roboto,Oxygen-Sans,Ubuntu,Cantarell,\"Helvetica Neue\",sans-serif, \"Apple Color Emoji\", \"Segoe UI Emoji\", \"Segoe UI Symbol\";}<\/style><div class=\"wp-block-kadence-advanced-form wp-block-kadence-advanced-form12420-cpt-id kb-adv-form-label-style-normal kb-adv-form-input-size-standard kb-form-basic-style wp-block-kadence-advanced-form\"><form id=\"kb-adv-form-12420-cpt-id\" class=\"kb-advanced-form\" method=\"post\" data-error-message=\"Please, enter you email address.\">\n<style>.kb-row-layout-id12402_03c2cd-e8 > .kt-row-column-wrap{align-content:start;}:where(.kb-row-layout-id12402_03c2cd-e8 > .kt-row-column-wrap) > .wp-block-kadence-column{justify-content:start;}.kb-row-layout-id12402_03c2cd-e8 > .kt-row-column-wrap{column-gap:var(--global-kb-gap-md, 2rem);row-gap:var(--global-kb-gap-md, 2rem);padding-top:0px;padding-right:0px;padding-bottom:0px;padding-left:0px;grid-template-columns:minmax(0, 2fr) minmax(0, 1fr);}.kb-row-layout-id12402_03c2cd-e8 > .kt-row-layout-overlay{opacity:0.30;}@media all and (max-width: 1024px){.kb-row-layout-id12402_03c2cd-e8 > .kt-row-column-wrap{grid-template-columns:minmax(0, 2fr) minmax(0, 1fr);}}@media all and (max-width: 767px){.kb-row-layout-id12402_03c2cd-e8 > .kt-row-column-wrap{grid-template-columns:minmax(0, 1fr);}}<\/style><div class=\"kb-row-layout-wrap kb-row-layout-id12402_03c2cd-e8 alignnone wp-block-kadence-rowlayout\"><div class=\"kt-row-column-wrap kt-has-2-columns kt-row-layout-left-golden kt-tab-layout-inherit kt-mobile-layout-row kt-row-valign-top\">\n<style>.kadence-column12402_5f1814-c0 > .kt-inside-inner-col,.kadence-column12402_5f1814-c0 > .kt-inside-inner-col:before{border-top-left-radius:0px;border-top-right-radius:0px;border-bottom-right-radius:0px;border-bottom-left-radius:0px;}.kadence-column12402_5f1814-c0 > .kt-inside-inner-col{column-gap:var(--global-kb-gap-sm, 1rem);}.kadence-column12402_5f1814-c0 > .kt-inside-inner-col{flex-direction:column;}.kadence-column12402_5f1814-c0 > .kt-inside-inner-col > .aligncenter{width:100%;}.kadence-column12402_5f1814-c0 > .kt-inside-inner-col:before{opacity:0.3;}.kadence-column12402_5f1814-c0{position:relative;}@media all and (max-width: 1024px){.kadence-column12402_5f1814-c0 > .kt-inside-inner-col{flex-direction:column;justify-content:center;}}@media all and (max-width: 767px){.kadence-column12402_5f1814-c0 > .kt-inside-inner-col{flex-direction:column;justify-content:center;}}<\/style>\n<div class=\"wp-block-kadence-column kadence-column12402_5f1814-c0\"><div class=\"kt-inside-inner-col\"><div class=\"kb-adv-form-field kb-adv-form-text-type-input kb-adv-form-infield-type-input kb-field124200f61c7-24 wp-block-kadence-advanced-form-email\"><label class=\"kb-adv-form-label\" for=\"field124200f61c7-24\">Your email address<span class=\"kb-adv-form-required\">*<\/span><\/label><input name=\"field0f61c7-24\" id=\"field124200f61c7-24\" data-label=\"Your email address\" type=\"email\" placeholder=\"\" value=\"\" data-type=\"email\" class=\"kb-field kb-email-field\" data-required=\"yes\" required aria-required=\"true\" data-kb-required-message=\"Write your email address.\" \/><\/div><\/div><\/div>\n\n\n<style>.kadence-column12402_6b10d9-61 > .kt-inside-inner-col{display:flex;}.kadence-column12402_6b10d9-61 > .kt-inside-inner-col,.kadence-column12402_6b10d9-61 > .kt-inside-inner-col:before{border-top-left-radius:0px;border-top-right-radius:0px;border-bottom-right-radius:0px;border-bottom-left-radius:0px;}.kadence-column12402_6b10d9-61 > .kt-inside-inner-col{column-gap:var(--global-kb-gap-sm, 1rem);}.kadence-column12402_6b10d9-61 > .kt-inside-inner-col{flex-direction:column;justify-content:flex-end;}.kadence-column12402_6b10d9-61 > .kt-inside-inner-col > .aligncenter{width:100%;}.kt-row-column-wrap > .kadence-column12402_6b10d9-61{align-self:flex-end;}.kt-inner-column-height-full:not(.kt-has-1-columns) > .wp-block-kadence-column.kadence-column12402_6b10d9-61{align-self:auto;}.kt-inner-column-height-full:not(.kt-has-1-columns) > .wp-block-kadence-column.kadence-column12402_6b10d9-61 > .kt-inside-inner-col{flex-direction:column;justify-content:flex-end;}.kadence-column12402_6b10d9-61 > .kt-inside-inner-col:before{opacity:0.3;}.kadence-column12402_6b10d9-61{position:relative;}@media all and (max-width: 1024px){.kt-row-column-wrap > .kadence-column12402_6b10d9-61{align-self:flex-end;}}@media all and (max-width: 1024px){.kt-inner-column-height-full:not(.kt-has-1-columns) > .wp-block-kadence-column.kadence-column12402_6b10d9-61{align-self:auto;}}@media all and (max-width: 1024px){.kt-inner-column-height-full:not(.kt-has-1-columns) > .wp-block-kadence-column.kadence-column12402_6b10d9-61 > .kt-inside-inner-col{flex-direction:column;justify-content:flex-end;}}@media all and (max-width: 1024px){.kadence-column12402_6b10d9-61 > .kt-inside-inner-col{flex-direction:column;justify-content:flex-end;}}@media all and (max-width: 767px){.kt-row-column-wrap > .kadence-column12402_6b10d9-61{align-self:flex-end;}.kt-inner-column-height-full:not(.kt-has-1-columns) > .wp-block-kadence-column.kadence-column12402_6b10d9-61{align-self:auto;}.kt-inner-column-height-full:not(.kt-has-1-columns) > .wp-block-kadence-column.kadence-column12402_6b10d9-61 > .kt-inside-inner-col{flex-direction:column;justify-content:flex-end;}.kadence-column12402_6b10d9-61 > .kt-inside-inner-col{flex-direction:column;justify-content:flex-end;}}<\/style>\n<div class=\"wp-block-kadence-column kadence-column12402_6b10d9-61\"><div class=\"kt-inside-inner-col\"><style>ul.menu .kb-submit-field .kb-btn78f669-0a.kb-button{width:initial;}.kb-submit-field .kb-btn78f669-0a.kb-button{font-family:-apple-system,BlinkMacSystemFont,\"Segoe UI\",Roboto,Oxygen-Sans,Ubuntu,Cantarell,\"Helvetica Neue\",sans-serif, \"Apple Color Emoji\", \"Segoe UI Emoji\", \"Segoe UI Symbol\";}.kb-submit-field.kb-field78f669-0a{justify-content:flex-start;}<\/style><div class=\"kb-adv-form-field kb-submit-field kb-field78f669-0a wp-block-kadence-advanced-form-submit\"><button class=\"kb-button kt-button button kb-adv-form-submit-button kb-btn78f669-0a kt-btn-size-standard kt-btn-width-type-full kb-btn-global-fill kt-btn-has-text-true kt-btn-has-svg-false\" type=\"submit\"><span class=\"kt-btn-inner-text\">Submit<\/span><\/button><\/div><\/div><\/div>\n\n<\/div><\/div>\n<input type=\"hidden\" name=\"_kb_adv_form_post_id\" value=\"12420\"><input type=\"hidden\" name=\"action\" value=\"kb_process_advanced_form_submit\"><input type=\"hidden\" name=\"_kb_adv_form_id\" value=\"12420-cpt-id\"><\/form><\/div><\/div><\/div>\n\n<\/div><\/div>","protected":false,"raw":"<!-- wp:kadence\/rowlayout {\"uniqueID\":\"12402_5a2bfc-5b\",\"columns\":1,\"columnGutter\":\"wider\",\"customGutter\":[64,\"\",\"\"],\"colLayout\":\"equal\",\"maxWidth\":750,\"margin\":[-40,\"\",null,\"\"],\"kbVersion\":2} -->\n<!-- wp:kadence\/column {\"borderWidth\":[\"\",\"\",\"\",\"\"],\"uniqueID\":\"12402_99879e-dd\",\"kbVersion\":2} -->\n<div class=\"wp-block-kadence-column kadence-column12402_99879e-dd\"><div class=\"kt-inside-inner-col\"><!-- wp:kadence\/advanced-form {\"id\":12420,\"uniqueID\":\"12402_99cb4d-3b\"} \/--><\/div><\/div>\n<!-- \/wp:kadence\/column -->\n<!-- \/wp:kadence\/rowlayout -->"},"excerpt":{"rendered":"<p>Subscribe to LB Galleri&#8217;s Newsletter.<\/p>\n","protected":false,"raw":"Subscribe to LB Galleri's Newsletter."},"author":1,"featured_media":0,"parent":0,"menu_order":0,"comment_status":"closed","ping_status":"open","template":"","meta":{"_monsterinsights_skip_tracking":false,"_monsterinsights_sitenote_active":false,"_monsterinsights_sitenote_note":"","_monsterinsights_sitenote_category":0,"_sv_post_content":"<!-- wp:kadence\/rowlayout {\"uniqueID\":\"12402_98f20b-fa\",\"columns\":1,\"columnGutter\":\"wider\",\"customGutter\":[64,\"\",\"\"],\"colLayout\":\"equal\",\"maxWidth\":750,\"margin\":[-40,\"\",null,\"\"],\"kbVersion\":2} -->\n<!-- wp:kadence\/column {\"borderWidth\":[\"\",\"\",\"\",\"\"],\"uniqueID\":\"12402_1cb5e2-9a\",\"kbVersion\":2} -->\n<div class=\"wp-block-kadence-column kadence-column12402_1cb5e2-9a\"><div class=\"kt-inside-inner-col\"><!-- wp:kadence\/advanced-form {\"id\":12407,\"uniqueID\":\"12402_15e11e-f4\"} \/--><\/div><\/div>\n<!-- \/wp:kadence\/column -->\n<!-- \/wp:kadence\/rowlayout -->","_sv_post_name":"prenumerera-pa-vart-nyhetsbrev","_sv_post_excerpt":"Prenumerera p\u00e5 LB Galleris Nyhetsbrev.","_sv_post_title":"Prenumerera p\u00e5 v\u00e5rt nyhetsbrev","_en_post_content":"<!-- wp:kadence\/rowlayout {\"uniqueID\":\"12402_5a2bfc-5b\",\"columns\":1,\"columnGutter\":\"wider\",\"customGutter\":[64,\"\",\"\"],\"colLayout\":\"equal\",\"maxWidth\":750,\"margin\":[-40,\"\",null,\"\"],\"kbVersion\":2} -->\n<!-- wp:kadence\/column {\"borderWidth\":[\"\",\"\",\"\",\"\"],\"uniqueID\":\"12402_99879e-dd\",\"kbVersion\":2} -->\n<div class=\"wp-block-kadence-column kadence-column12402_99879e-dd\"><div class=\"kt-inside-inner-col\"><!-- wp:kadence\/advanced-form {\"id\":12420,\"uniqueID\":\"12402_99cb4d-3b\"} \/--><\/div><\/div>\n<!-- \/wp:kadence\/column -->\n<!-- \/wp:kadence\/rowlayout -->","_en_post_name":"prenumerera-pa-vart-nyhetsbrev","_en_post_excerpt":"Subscribe to LB Galleri's Newsletter.","_en_post_title":"Sign up for our Newsletter","edit_language":"en","_kad_post_transparent":"","_kad_post_title":"","_kad_post_layout":"","_kad_post_sidebar_id":"","_kad_post_content_style":"","_kad_post_vertical_padding":"","_kad_post_feature":"","_kad_post_feature_position":"","_kad_post_header":false,"_kad_post_footer":false,"_kad_post_classname":"","footnotes":""},"categories":[],"tags":[],"class_list":["post-12402","page","type-page","status-publish","hentry"],"aioseo_notices":[],"_links":{"self":[{"href":"https:\/\/lbgalleri.se\/en\/wp-json\/wp\/v2\/pages\/12402","targetHints":{"allow":["GET"]}}],"collection":[{"href":"https:\/\/lbgalleri.se\/en\/wp-json\/wp\/v2\/pages"}],"about":[{"href":"https:\/\/lbgalleri.se\/en\/wp-json\/wp\/v2\/types\/page"}],"author":[{"embeddable":true,"href":"https:\/\/lbgalleri.se\/en\/wp-json\/wp\/v2\/users\/1"}],"replies":[{"embeddable":true,"href":"https:\/\/lbgalleri.se\/en\/wp-json\/wp\/v2\/comments?post=12402"}],"version-history":[{"count":0,"href":"https:\/\/lbgalleri.se\/en\/wp-json\/wp\/v2\/pages\/12402\/revisions"}],"wp:attachment":[{"href":"https:\/\/lbgalleri.se\/en\/wp-json\/wp\/v2\/media?parent=12402"}],"wp:term":[{"taxonomy":"category","embeddable":true,"href":"https:\/\/lbgalleri.se\/en\/wp-json\/wp\/v2\/categories?post=12402"},{"taxonomy":"post_tag","embeddable":true,"href":"https:\/\/lbgalleri.se\/en\/wp-json\/wp\/v2\/tags?post=12402"}],"curies":[{"name":"wp","href":"https:\/\/api.w.org\/{rel}","templated":true}]}}